{"id":200,"date":"2025-12-22T15:20:30","date_gmt":"2025-12-22T15:20:30","guid":{"rendered":"https:\/\/wirtschaftsfoerderung.schwalbach.de\/?page_id=200"},"modified":"2026-01-27T16:40:40","modified_gmt":"2026-01-27T16:40:40","slug":"gruendung-start-ups","status":"publish","type":"page","link":"https:\/\/wirtschaftsfoerderung.schwalbach.de\/?page_id=200","title":{"rendered":"Gr\u00fcndung &amp; Start-Ups"},"content":{"rendered":"\n<div class=\"wp-block-cover alignfull is-light has-custom-content-position is-position-bottom-right\" style=\"padding-top:0;padding-right:0;padding-bottom:0;padding-left:0\"><img loading=\"lazy\" decoding=\"async\" width=\"2560\" height=\"911\" class=\"wp-block-cover__image-background wp-image-248 size-full\" alt=\"\" src=\"https:\/\/wirtschaftsfoerderung.schwalbach.de\/wp-content\/uploads\/2026\/01\/job-5382501-crop1-1-scaled.jpg\" data-object-fit=\"cover\" srcset=\"https:\/\/wirtschaftsfoerderung.schwalbach.de\/wp-content\/uploads\/2026\/01\/job-5382501-crop1-1-scaled.jpg 2560w, https:\/\/wirtschaftsfoerderung.schwalbach.de\/wp-content\/uploads\/2026\/01\/job-5382501-crop1-1-300x107.jpg 300w, https:\/\/wirtschaftsfoerderung.schwalbach.de\/wp-content\/uploads\/2026\/01\/job-5382501-crop1-1-1024x364.jpg 1024w, https:\/\/wirtschaftsfoerderung.schwalbach.de\/wp-content\/uploads\/2026\/01\/job-5382501-crop1-1-768x273.jpg 768w, https:\/\/wirtschaftsfoerderung.schwalbach.de\/wp-content\/uploads\/2026\/01\/job-5382501-crop1-1-1536x546.jpg 1536w, https:\/\/wirtschaftsfoerderung.schwalbach.de\/wp-content\/uploads\/2026\/01\/job-5382501-crop1-1-2048x728.jpg 2048w\" sizes=\"auto, (max-width: 2560px) 100vw, 2560px\" \/><span aria-hidden=\"true\" class=\"wp-block-cover__background has-background-dim-0 has-background-dim\"><\/span><div class=\"wp-block-cover__inner-container is-layout-constrained wp-container-core-cover-is-layout-a500806f wp-block-cover-is-layout-constrained\">\n<p class=\"has-text-align-center has-ast-global-color-4-color has-text-color has-background has-link-color has-large-font-size wp-elements-c5a389cb030ee92217d6ba19c816ffb8\" style=\"background-color:#005903a1;padding-top:0;padding-right:var(--wp--preset--spacing--50);padding-bottom:0;padding-left:var(--wp--preset--spacing--50);font-style:normal;font-weight:700\">Gr\u00fcndung &amp; Start-Ups<\/p>\n<\/div><\/div>\n\n\n\n<p class=\"has-text-color has-link-color has-large-font-size wp-elements-132e49ae6cf2b7145956572251b54fec\" style=\"color:#005a03\"><\/p>\n\n\n\n<div class=\"wp-block-uagb-container uagb-block-50df6339 alignfull uagb-is-root-container\"><div class=\"uagb-container-inner-blocks-wrap\">\n<div class=\"wp-block-uagb-container uagb-block-07ac1204\">\n<div class=\"wp-block-uagb-advanced-heading uagb-block-e3eed228\"><h2 class=\"uagb-heading-text\"><strong>Gr\u00fcnden in Schwalbach \u2013 alle Services auf einen Blick<\/strong><\/h2><\/div>\n\n\n\n<p class=\"has-medium-font-size\">Sie m\u00f6chten ein Unternehmen gr\u00fcnden oder sich selbstst\u00e4ndig machen? Die Stadt Schwalbach unterst\u00fctzt Sie mit verschiedenen Services \u2013 von der kostenlosen Gr\u00fcndungsberatung bis zu den notwendigen Beh\u00f6rdeng\u00e4ngen. <\/p>\n<\/div>\n\n\n\n<div class=\"wp-block-uagb-container uagb-block-e3842885\">\n<div class=\"wp-block-uagb-advanced-heading uagb-block-0e894878\"><h4 class=\"uagb-heading-text\"><strong>One-Stop-Shop f\u00fcr Gr\u00fcnder:innen<\/strong><\/h4><\/div>\n\n\n\n<p class=\"has-ast-global-color-4-color has-text-color has-link-color has-medium-font-size wp-elements-e130fa8e42fc17411a06a682506718ca\">Von der ersten Idee bis zur Anmeldung \u2013 hier finden Sie die wichtigsten Anlaufstellen f\u00fcr Gr\u00fcnderinnen und Gr\u00fcnder. Die Stadt Schwalbach b\u00fcndelt die wichtigsten Anlaufstellen rund um die Existenzgr\u00fcndung.<br>Sie erhalten eine erste Orientierung und werden gezielt an die jeweils zust\u00e4ndigen Stellen und Partner weitervermittelt.<\/p>\n<\/div>\n<\/div><\/div>\n\n\n\n<p><\/p>\n\n\n\n<div class=\"wp-block-uagb-advanced-heading uagb-block-5bad5528\"><h2 class=\"uagb-heading-text\">F\u00fcr Gr\u00fcnderinnen und Gr\u00fcnder<\/h2><\/div>\n\n\n\n<p><\/p>\n\n\n\n<div class=\"wp-block-uagb-container uagb-block-d7faad96 alignfull uagb-is-root-container\"><div class=\"uagb-container-inner-blocks-wrap\">\n<div class=\"wp-block-uagb-container uagb-block-5f951bdd\">\n<div class=\"wp-block-uagb-info-box uagb-block-7e177b0b uagb-infobox__content-wrap  uagb-infobox-icon-left-title uagb-infobox-left uagb-infobox-image-valign-top\"><div class=\"uagb-ifb-content\"><div class=\"uagb-ifb-left-title-image\"><div class=\"uagb-ifb-icon-wrap\"><svg xmlns=\"https:\/\/www.w3.org\/2000\/svg\" viewBox=\"0 0 512 512\"><path d=\"M256 0C114.6 0 0 114.6 0 256s114.6 256 256 256s256-114.6 256-256S397.4 0 256 0zM256 128c17.67 0 32 14.33 32 32c0 17.67-14.33 32-32 32S224 177.7 224 160C224 142.3 238.3 128 256 128zM296 384h-80C202.8 384 192 373.3 192 360s10.75-24 24-24h16v-64H224c-13.25 0-24-10.75-24-24S210.8 224 224 224h32c13.25 0 24 10.75 24 24v88h16c13.25 0 24 10.75 24 24S309.3 384 296 384z\"><\/path><\/svg><\/div><div class=\"uagb-ifb-title-wrap\"><h3 class=\"uagb-ifb-title\">Kostenlose Gr\u00fcndungsberatung<\/h3><\/div><\/div><p class=\"uagb-ifb-desc\">In Kooperation mit dem <strong>Verein zur F\u00f6rderung von Existenzgr\u00fcndungen e.V. (VFE Kelkheim)<\/strong> bieten wir jeden ersten Mittwoch im Monat eine kostenlose Gr\u00fcndungsberatung an.<br>Ob Start-Up, Kleingewerbe oder gr\u00f6\u00dferes Unternehmen, die Experten des VFE beraten Sie gerne bei Ihrem Vorhaben und pr\u00fcfen Ihre Idee.<br><\/p><\/div><\/div>\n<\/div>\n\n\n\n<div class=\"wp-block-uagb-container uagb-block-233f69dd\">\n<figure class=\"wp-block-image size-full\"><img loading=\"lazy\" decoding=\"async\" width=\"631\" height=\"406\" src=\"https:\/\/wirtschaftsfoerderung.schwalbach.de\/wp-content\/uploads\/2026\/01\/meeting-crop.png\" alt=\"\" class=\"wp-image-279\" srcset=\"https:\/\/wirtschaftsfoerderung.schwalbach.de\/wp-content\/uploads\/2026\/01\/meeting-crop.png 631w, https:\/\/wirtschaftsfoerderung.schwalbach.de\/wp-content\/uploads\/2026\/01\/meeting-crop-300x193.png 300w\" sizes=\"auto, (max-width: 631px) 100vw, 631px\" \/><\/figure>\n<\/div>\n<\/div><\/div>\n\n\n\n<p><\/p>\n\n\n\n<div class=\"wp-block-uagb-container uagb-block-a52cea10 alignfull uagb-is-root-container\"><div class=\"uagb-container-inner-blocks-wrap\">\n<div class=\"wp-block-uagb-advanced-heading uagb-block-9538945f\"><h2 class=\"uagb-heading-text\">Termine am 04.02.2026<\/h2><\/div>\n<\/div><\/div>\n\n\n\n<div class=\"wp-block-uagb-container uagb-block-22e2541b alignfull uagb-is-root-container\"><div class=\"uagb-container-inner-blocks-wrap\">\n<div class=\"wp-block-uagb-container uagb-block-b3b84e10\">\n<p>Melden Sie sich f\u00fcr ein Beratungsgespr\u00e4ch bei uns an. Auf der rechten Seite sehen Sie, welche Termine am 04.02.2026 noch verf\u00fcgbar sind.<\/p>\n\n\n\n<div class=\"wp-block-uagb-buttons uagb-buttons__outer-wrap uagb-btn__default-btn uagb-btn-tablet__default-btn uagb-btn-mobile__default-btn uagb-block-44cef4aa\"><div class=\"uagb-buttons__wrap uagb-buttons-layout-wrap \">\n<div class=\"wp-block-uagb-buttons-child uagb-buttons__outer-wrap uagb-block-1974169e wp-block-button\"><div class=\"uagb-button__wrapper\"><a class=\"uagb-buttons-repeater wp-block-button__link\" aria-label=\"\" href=\"#\" rel=\"follow noopener\" target=\"_self\" role=\"button\"><span class=\"uagb-button__icon uagb-button__icon-position-before\"><svg xmlns=\"https:\/\/www.w3.org\/2000\/svg\" viewBox=\"0 0 448 512\" aria-hidden=\"true\" focussable=\"false\"><path d=\"M438.6 278.6l-160 160C272.4 444.9 264.2 448 256 448s-16.38-3.125-22.62-9.375c-12.5-12.5-12.5-32.75 0-45.25L338.8 288H32C14.33 288 .0016 273.7 .0016 256S14.33 224 32 224h306.8l-105.4-105.4c-12.5-12.5-12.5-32.75 0-45.25s32.75-12.5 45.25 0l160 160C451.1 245.9 451.1 266.1 438.6 278.6z\"><\/path><\/svg><\/span><div class=\"uagb-button__link\">Terminanfrage<\/div><\/a><\/div><\/div>\n<\/div><\/div>\n<\/div>\n\n\n\n<div class=\"wp-block-uagb-container uagb-block-959512e9\">\n<div class=\"wp-block-uagb-icon-list uagb-block-5599303f\"><div class=\"uagb-icon-list__wrap\">\n<div class=\"wp-block-uagb-icon-list-child uagb-block-8d0f8df1\"><span class=\"uagb-icon-list__source-wrap\"><svg xmlns=\"https:\/\/www.w3.org\/2000\/svg\" viewBox=\"0 0 320 512\"><path d=\"M310.6 361.4c12.5 12.5 12.5 32.75 0 45.25C304.4 412.9 296.2 416 288 416s-16.38-3.125-22.62-9.375L160 301.3L54.63 406.6C48.38 412.9 40.19 416 32 416S15.63 412.9 9.375 406.6c-12.5-12.5-12.5-32.75 0-45.25l105.4-105.4L9.375 150.6c-12.5-12.5-12.5-32.75 0-45.25s32.75-12.5 45.25 0L160 210.8l105.4-105.4c12.5-12.5 32.75-12.5 45.25 0s12.5 32.75 0 45.25l-105.4 105.4L310.6 361.4z\"><\/path><\/svg><\/span><span class=\"uagb-icon-list__label\">15:00 Uhr &#8211; belegt<\/span><\/div>\n\n\n\n<div class=\"wp-block-uagb-icon-list-child uagb-block-39d450a8\"><span class=\"uagb-icon-list__source-wrap\"><svg xmlns=\"https:\/\/www.w3.org\/2000\/svg\" viewBox=\"0 0 448 512\"><path d=\"M438.6 105.4C451.1 117.9 451.1 138.1 438.6 150.6L182.6 406.6C170.1 419.1 149.9 419.1 137.4 406.6L9.372 278.6C-3.124 266.1-3.124 245.9 9.372 233.4C21.87 220.9 42.13 220.9 54.63 233.4L159.1 338.7L393.4 105.4C405.9 92.88 426.1 92.88 438.6 105.4H438.6z\"><\/path><\/svg><\/span><span class=\"uagb-icon-list__label\">16:00 Uhr &#8211; verf\u00fcgbar<\/span><\/div>\n\n\n\n<div class=\"wp-block-uagb-icon-list-child uagb-block-aa51be25\"><span class=\"uagb-icon-list__source-wrap\"><svg xmlns=\"https:\/\/www.w3.org\/2000\/svg\" viewBox=\"0 0 320 512\"><path d=\"M310.6 361.4c12.5 12.5 12.5 32.75 0 45.25C304.4 412.9 296.2 416 288 416s-16.38-3.125-22.62-9.375L160 301.3L54.63 406.6C48.38 412.9 40.19 416 32 416S15.63 412.9 9.375 406.6c-12.5-12.5-12.5-32.75 0-45.25l105.4-105.4L9.375 150.6c-12.5-12.5-12.5-32.75 0-45.25s32.75-12.5 45.25 0L160 210.8l105.4-105.4c12.5-12.5 32.75-12.5 45.25 0s12.5 32.75 0 45.25l-105.4 105.4L310.6 361.4z\"><\/path><\/svg><\/span><span class=\"uagb-icon-list__label\">17:00 Uhr &#8211; belegt<\/span><\/div>\n<\/div><\/div>\n<\/div>\n<\/div><\/div>\n\n\n\n<div class=\"wp-block-uagb-container uagb-block-b8e4a08d alignfull uagb-is-root-container\"><div class=\"uagb-container-inner-blocks-wrap\">\n<div class=\"wp-block-uagb-container uagb-block-141fabf9\">\n<div class=\"wp-block-uagb-info-box uagb-block-728898e8 uagb-infobox__content-wrap  uagb-infobox-icon-left-title uagb-infobox-left uagb-infobox-image-valign-top\"><div class=\"uagb-ifb-content\"><div class=\"uagb-ifb-left-title-image\"><div class=\"uagb-ifb-icon-wrap\"><svg xmlns=\"https:\/\/www.w3.org\/2000\/svg\" viewBox=\"0 0 640 512\"><path d=\"M336 0C362.5 0 384 21.49 384 48V367.8C345.8 389.2 320 430 320 476.9C320 489.8 323.6 501.8 329.9 512H240V432C240 405.5 218.5 384 192 384C165.5 384 144 405.5 144 432V512H48C21.49 512 0 490.5 0 464V48C0 21.49 21.49 0 48 0H336zM64 272C64 280.8 71.16 288 80 288H112C120.8 288 128 280.8 128 272V240C128 231.2 120.8 224 112 224H80C71.16 224 64 231.2 64 240V272zM176 224C167.2 224 160 231.2 160 240V272C160 280.8 167.2 288 176 288H208C216.8 288 224 280.8 224 272V240C224 231.2 216.8 224 208 224H176zM256 272C256 280.8 263.2 288 272 288H304C312.8 288 320 280.8 320 272V240C320 231.2 312.8 224 304 224H272C263.2 224 256 231.2 256 240V272zM80 96C71.16 96 64 103.2 64 112V144C64 152.8 71.16 160 80 160H112C120.8 160 128 152.8 128 144V112C128 103.2 120.8 96 112 96H80zM160 144C160 152.8 167.2 160 176 160H208C216.8 160 224 152.8 224 144V112C224 103.2 216.8 96 208 96H176C167.2 96 160 103.2 160 112V144zM272 96C263.2 96 256 103.2 256 112V144C256 152.8 263.2 160 272 160H304C312.8 160 320 152.8 320 144V112C320 103.2 312.8 96 304 96H272zM576 272C576 316.2 540.2 352 496 352C451.8 352 416 316.2 416 272C416 227.8 451.8 192 496 192C540.2 192 576 227.8 576 272zM352 477.1C352 425.7 393.7 384 445.1 384H546.9C598.3 384 640 425.7 640 477.1C640 496.4 624.4 512 605.1 512H386.9C367.6 512 352 496.4 352 477.1V477.1z\"><\/path><\/svg><\/div><div class=\"uagb-ifb-title-wrap\"><h3 class=\"uagb-ifb-title\"><strong>Gewerbeanmeldung <\/strong><\/h3><\/div><\/div><p class=\"uagb-ifb-desc\">Sie m\u00f6chten ein Gewerbe an- oder abmelden? Wenden Sie sich bitte hierzu an unser <strong>B\u00fcrgerb\u00fcro<\/strong>. Die Mitarbeiter helfen Ihnen gerne bei Ihrem Anliegen, sofern es sich um Gewerbe in Schwalbach handelt. <br>M\u00f6chten Sie ein Gewerbe ausserhalb von Schwalbach an- oder abmelden, wenden Sie sich bitte an die jeweilige Stadt oder Kommune.<\/p><\/div><\/div>\n<\/div>\n\n\n\n<div class=\"wp-block-uagb-container uagb-block-4e45ed9f\">\n<div class=\"wp-block-uagb-buttons uagb-buttons__outer-wrap uagb-btn__default-btn uagb-btn-tablet__default-btn uagb-btn-mobile__default-btn uagb-block-ebf91d86\"><div class=\"uagb-buttons__wrap uagb-buttons-layout-wrap \">\n<div class=\"wp-block-uagb-buttons-child uagb-buttons__outer-wrap uagb-block-d72c8241 wp-block-button\"><div class=\"uagb-button__wrapper\"><a class=\"uagb-buttons-repeater wp-block-button__link\" aria-label=\"\" href=\"#\" rel=\"follow noopener\" target=\"_self\" role=\"button\"><span class=\"uagb-button__icon uagb-button__icon-position-before\"><svg xmlns=\"https:\/\/www.w3.org\/2000\/svg\" viewBox=\"0 0 448 512\" aria-hidden=\"true\" focussable=\"false\"><path d=\"M438.6 278.6l-160 160C272.4 444.9 264.2 448 256 448s-16.38-3.125-22.62-9.375c-12.5-12.5-12.5-32.75 0-45.25L338.8 288H32C14.33 288 .0016 273.7 .0016 256S14.33 224 32 224h306.8l-105.4-105.4c-12.5-12.5-12.5-32.75 0-45.25s32.75-12.5 45.25 0l160 160C451.1 245.9 451.1 266.1 438.6 278.6z\"><\/path><\/svg><\/span><div class=\"uagb-button__link\">zum B\u00fcrgerb\u00fcro<\/div><\/a><\/div><\/div>\n<\/div><\/div>\n<\/div>\n<\/div><\/div>\n\n\n\n<div class=\"wp-block-uagb-container uagb-block-79b31d20 alignfull uagb-is-root-container\"><div class=\"uagb-container-inner-blocks-wrap\">\n<div class=\"wp-block-uagb-container uagb-block-72691f91\">\n<div class=\"wp-block-uagb-info-box uagb-block-ed5cd94e uagb-infobox__content-wrap  uagb-infobox-icon-left-title uagb-infobox-left uagb-infobox-image-valign-top\"><div class=\"uagb-ifb-content\"><div class=\"uagb-ifb-left-title-image\"><div class=\"uagb-ifb-icon-wrap\"><svg xmlns=\"https:\/\/www.w3.org\/2000\/svg\" viewBox=\"0 0 576 512\"><path d=\"M352 0C369.7 0 384 14.33 384 32V64L384 64.15C422.6 66.31 456.3 91.49 469.2 128.3L504.4 228.8C527.6 238.4 544 261.3 544 288V480C544 497.7 529.7 512 512 512H480C462.3 512 448 497.7 448 480V432H128V480C128 497.7 113.7 512 96 512H64C46.33 512 32 497.7 32 480V288C32 261.3 48.36 238.4 71.61 228.8L106.8 128.3C119.7 91.49 153.4 66.31 192 64.15L192 64V32C192 14.33 206.3 0 224 0L352 0zM197.4 128C183.8 128 171.7 136.6 167.2 149.4L141.1 224H434.9L408.8 149.4C404.3 136.6 392.2 128 378.6 128H197.4zM128 352C145.7 352 160 337.7 160 320C160 302.3 145.7 288 128 288C110.3 288 96 302.3 96 320C96 337.7 110.3 352 128 352zM448 288C430.3 288 416 302.3 416 320C416 337.7 430.3 352 448 352C465.7 352 480 337.7 480 320C480 302.3 465.7 288 448 288z\"><\/path><\/svg><\/div><div class=\"uagb-ifb-title-wrap\"><h3 class=\"uagb-ifb-title\"><strong><strong>Konzessionsstellung <\/strong><\/strong><\/h3><\/div><\/div><p class=\"uagb-ifb-desc\">Antr\u00e4ge auf Konzessionen f\u00fcr Gastst\u00e4tten, Mietwagen- und Taxibetriebe k\u00f6nnen Sie bei uns im <strong>Ordnungsamt<\/strong> stellen. Die Mitarbeiter helfen Ihnen gerne weiter.<\/p><\/div><\/div>\n<\/div>\n\n\n\n<div class=\"wp-block-uagb-container uagb-block-46c9ea6a\">\n<div class=\"wp-block-uagb-buttons uagb-buttons__outer-wrap uagb-btn__default-btn uagb-btn-tablet__default-btn uagb-btn-mobile__default-btn uagb-block-35f308ad\"><div class=\"uagb-buttons__wrap uagb-buttons-layout-wrap \">\n<div class=\"wp-block-uagb-buttons-child uagb-buttons__outer-wrap uagb-block-ddad71da wp-block-button\"><div class=\"uagb-button__wrapper\"><a class=\"uagb-buttons-repeater wp-block-button__link\" aria-label=\"\" href=\"#\" rel=\"follow noopener\" target=\"_self\" role=\"button\"><span class=\"uagb-button__icon uagb-button__icon-position-before\"><svg xmlns=\"https:\/\/www.w3.org\/2000\/svg\" viewBox=\"0 0 448 512\" aria-hidden=\"true\" focussable=\"false\"><path d=\"M438.6 278.6l-160 160C272.4 444.9 264.2 448 256 448s-16.38-3.125-22.62-9.375c-12.5-12.5-12.5-32.75 0-45.25L338.8 288H32C14.33 288 .0016 273.7 .0016 256S14.33 224 32 224h306.8l-105.4-105.4c-12.5-12.5-12.5-32.75 0-45.25s32.75-12.5 45.25 0l160 160C451.1 245.9 451.1 266.1 438.6 278.6z\"><\/path><\/svg><\/span><div class=\"uagb-button__link\">Zum Ordnungsamt<\/div><\/a><\/div><\/div>\n<\/div><\/div>\n<\/div>\n<\/div><\/div>\n\n\n\n<p><\/p>\n","protected":false},"excerpt":{"rendered":"<p>Gr\u00fcnden in Schwalbach \u2013 alle Services auf einen Blick Sie m\u00f6chten ein Unternehmen gr\u00fcnden oder sich selbstst\u00e4ndig machen? Die Stadt [&hellip;]<\/p>\n","protected":false},"author":1,"featured_media":0,"parent":0,"menu_order":0,"comment_status":"closed","ping_status":"closed","template":"","meta":{"_uag_custom_page_level_css":"","site-sidebar-layout":"default","site-content-layout":"","ast-site-content-layout":"default","site-content-style":"default","site-sidebar-style":"default","ast-global-header-display":"","ast-banner-title-visibility":"","ast-main-header-display":"","ast-hfb-above-header-display":"","ast-hfb-below-header-display":"","ast-hfb-mobile-header-display":"","site-post-title":"disabled","ast-breadcrumbs-content":"","ast-featured-img":"","footer-sml-layout":"","ast-disable-related-posts":"","theme-transparent-header-meta":"","adv-header-id-meta":"","stick-header-meta":"","header-above-stick-meta":"","header-main-stick-meta":"","header-below-stick-meta":"","astra-migrate-meta-layouts":"default","ast-page-background-enabled":"default","ast-page-background-meta":{"desktop":{"background-color":"var(--ast-global-color-5)","background-image":"","background-repeat":"repeat","background-position":"center center","background-size":"auto","background-attachment":"scroll","background-type":"","background-media":"","overlay-type":"","overlay-color":"","overlay-opacity":"","overlay-gradient":""},"tablet":{"background-color":"","background-image":"","background-repeat":"repeat","background-position":"center center","background-size":"auto","background-attachment":"scroll","background-type":"","background-media":"","overlay-type":"","overlay-color":"","overlay-opacity":"","overlay-gradient":""},"mobile":{"background-color":"","background-image":"","background-repeat":"repeat","background-position":"center center","background-size":"auto","background-attachment":"scroll","background-type":"","background-media":"","overlay-type":"","overlay-color":"","overlay-opacity":"","overlay-gradient":""}},"ast-content-background-meta":{"desktop":{"background-color":"var(--ast-global-color-4)","background-image":"","background-repeat":"repeat","background-position":"center center","background-size":"auto","background-attachment":"scroll","background-type":"","background-media":"","overlay-type":"","overlay-color":"","overlay-opacity":"","overlay-gradient":""},"tablet":{"background-color":"var(--ast-global-color-4)","background-image":"","background-repeat":"repeat","background-position":"center center","background-size":"auto","background-attachment":"scroll","background-type":"","background-media":"","overlay-type":"","overlay-color":"","overlay-opacity":"","overlay-gradient":""},"mobile":{"background-color":"var(--ast-global-color-4)","background-image":"","background-repeat":"repeat","background-position":"center center","background-size":"auto","background-attachment":"scroll","background-type":"","background-media":"","overlay-type":"","overlay-color":"","overlay-opacity":"","overlay-gradient":""}},"footnotes":""},"class_list":["post-200","page","type-page","status-publish","hentry"],"uagb_featured_image_src":{"full":false,"thumbnail":false,"medium":false,"medium_large":false,"large":false,"1536x1536":false,"2048x2048":false},"uagb_author_info":{"display_name":"admin","author_link":"https:\/\/wirtschaftsfoerderung.schwalbach.de\/?author=1"},"uagb_comment_info":0,"uagb_excerpt":"Gr\u00fcnden in Schwalbach \u2013 alle Services auf einen Blick Sie m\u00f6chten ein Unternehmen gr\u00fcnden oder sich selbstst\u00e4ndig machen? Die Stadt [&hellip;]","_links":{"self":[{"href":"https:\/\/wirtschaftsfoerderung.schwalbach.de\/index.php?rest_route=\/wp\/v2\/pages\/200","targetHints":{"allow":["GET"]}}],"collection":[{"href":"https:\/\/wirtschaftsfoerderung.schwalbach.de\/index.php?rest_route=\/wp\/v2\/pages"}],"about":[{"href":"https:\/\/wirtschaftsfoerderung.schwalbach.de\/index.php?rest_route=\/wp\/v2\/types\/page"}],"author":[{"embeddable":true,"href":"https:\/\/wirtschaftsfoerderung.schwalbach.de\/index.php?rest_route=\/wp\/v2\/users\/1"}],"replies":[{"embeddable":true,"href":"https:\/\/wirtschaftsfoerderung.schwalbach.de\/index.php?rest_route=%2Fwp%2Fv2%2Fcomments&post=200"}],"version-history":[{"count":31,"href":"https:\/\/wirtschaftsfoerderung.schwalbach.de\/index.php?rest_route=\/wp\/v2\/pages\/200\/revisions"}],"predecessor-version":[{"id":286,"href":"https:\/\/wirtschaftsfoerderung.schwalbach.de\/index.php?rest_route=\/wp\/v2\/pages\/200\/revisions\/286"}],"wp:attachment":[{"href":"https:\/\/wirtschaftsfoerderung.schwalbach.de\/index.php?rest_route=%2Fwp%2Fv2%2Fmedia&parent=200"}],"curies":[{"name":"wp","href":"https:\/\/api.w.org\/{rel}","templated":true}]}}